{"id":1486,"date":"2020-05-01T10:35:47","date_gmt":"2020-05-01T10:35:47","guid":{"rendered":"https:\/\/hiddendeserts.com\/donate\/"},"modified":"2021-06-04T10:34:07","modified_gmt":"2021-06-04T10:34:07","slug":"donate","status":"publish","type":"page","link":"https:\/\/hiddendeserts.com\/es\/donate\/","title":{"rendered":"Donar"},"content":{"rendered":"<div id='full_slider_1'  class='avia-fullwidth-slider main_color avia-shadow   avia-builder-el-0  el_before_av_one_full  avia-builder-el-first   container_wrap sidebar_right'  ><div  class='avia-slideshow av-kbkkwlfv-0e91e1d7952257069a2b329ab4f4dee1 avia-slideshow-featured av_slideshow_full avia-slide-slider av-slideshow-ui av-control-default av-slideshow-autoplay av-loop-endless av-loop-manual-endless av-default-height-applied   avia-slideshow-1' data-slideshow-options=\"{&quot;animation&quot;:&quot;slide&quot;,&quot;autoplay&quot;:true,&quot;loop_autoplay&quot;:&quot;endless&quot;,&quot;interval&quot;:5,&quot;loop_manual&quot;:&quot;manual-endless&quot;,&quot;autoplay_stopper&quot;:false,&quot;noNavigation&quot;:false,&quot;bg_slider&quot;:false,&quot;keep_padding&quot;:false,&quot;hoverpause&quot;:false,&quot;show_slide_delay&quot;:0}\"  itemprop=\"image\" itemscope=\"itemscope\" itemtype=\"https:\/\/schema.org\/ImageObject\" ><ul class='avia-slideshow-inner ' style='padding-bottom: 28.666666666667%;'><li  class='avia-slideshow-slide av-kbkkwlfv-0e91e1d7952257069a2b329ab4f4dee1__0  av-single-slide slide-1 slide-odd'><div data-rel='slideshow-1' class='avia-slide-wrap '   ><img decoding=\"async\" fetchpriority=\"high\" class=\"wp-image-1257 avia-img-lazy-loading-not-1257\"  src=\"https:\/\/hiddendeserts.com\/wp-content\/uploads\/2020\/06\/SLIDER_DONATE_BEFORE-1-1500x430.jpg\" width=\"1500\" height=\"430\" title='SLIDER_DONATE_BEFORE' alt=''  itemprop=\"thumbnailUrl\"   \/><\/div><\/li><\/ul><\/div><\/div><div id='after_full_slider_1'  class='main_color av_default_container_wrap container_wrap sidebar_right'  ><div class='container av-section-cont-open' ><div class='template-page content  av-content-small alpha units'><div class='post-entry post-entry-type-page post-entry-1486'><div class='entry-content-wrapper clearfix'>\n\n<style type=\"text\/css\" data-created_by=\"avia_inline_auto\" id=\"style-css-av-jfcnc-23afa803583646d77ab98d9de86a91ca\">\n.flex_column.av-jfcnc-23afa803583646d77ab98d9de86a91ca{\nborder-radius:0px 0px 0px 0px;\npadding:0px 0px 0px 0px;\n}\n<\/style>\n<div  class='flex_column av-jfcnc-23afa803583646d77ab98d9de86a91ca av_one_full  avia-builder-el-1  el_after_av_slideshow_full  el_before_av_one_fourth  avia-builder-el-first  first flex_column_div av-zero-column-padding  '     ><style type=\"text\/css\" data-created_by=\"avia_inline_auto\" id=\"style-css-av-k7g1t1zm-c7ab15ddfe8ed15c3859bafc58dc8acc\">\n#top .av_textblock_section.av-k7g1t1zm-c7ab15ddfe8ed15c3859bafc58dc8acc .avia_textblock{\ncolor:#444444;\n}\n<\/style>\n<section  class='av_textblock_section av-k7g1t1zm-c7ab15ddfe8ed15c3859bafc58dc8acc '   itemscope=\"itemscope\" itemtype=\"https:\/\/schema.org\/CreativeWork\" ><div class='avia_textblock av_inherit_color'  itemprop=\"text\" ><h1 style=\"text-align: center; font-size: 40px;\">Tu donaci\u00f3n nos ayudar\u00e1 a descubrir nuevos desiertos y contribuir\u00e1s a la conservaci\u00f3n de los bosques submarinos en todo el mundo.<\/h1>\n<\/div><\/section><br \/>\n\n<style type=\"text\/css\" data-created_by=\"avia_inline_auto\" id=\"style-css-av-k8h43k5d-2145a0667621921c8e22956f0ad8fe9b\">\n#top .hr.av-k8h43k5d-2145a0667621921c8e22956f0ad8fe9b{\nmargin-top:px;\nmargin-bottom:20 px;\n}\n.hr.av-k8h43k5d-2145a0667621921c8e22956f0ad8fe9b .hr-inner{\nwidth:50px;\nborder-color:#444444;\nmax-width:45%;\n}\n.hr.av-k8h43k5d-2145a0667621921c8e22956f0ad8fe9b .av-seperator-icon{\ncolor:#444444;\n}\n.hr.av-k8h43k5d-2145a0667621921c8e22956f0ad8fe9b .av-seperator-icon.avia-svg-icon svg:first-child{\nfill:#444444;\nstroke:#444444;\n}\n<\/style>\n<div  class='hr av-k8h43k5d-2145a0667621921c8e22956f0ad8fe9b hr-custom  avia-builder-el-3  el_after_av_textblock  avia-builder-el-last  hr-center hr-icon-yes'><span class='hr-inner inner-border-av-border-thin'><span class=\"hr-inner-style\"><\/span><\/span><span class='av-seperator-icon avia-iconfont avia-font-entypo-fontello' data-av_icon='\ue8ed' data-av_iconfont='entypo-fontello' ><\/span><span class='hr-inner inner-border-av-border-thin'><span class=\"hr-inner-style\"><\/span><\/span><\/div><\/p><\/div>\n\n<style type=\"text\/css\" data-created_by=\"avia_inline_auto\" id=\"style-css-av-9q6fk-e05edacb0b43850e37d8f283a313bcf8\">\n.flex_column.av-9q6fk-e05edacb0b43850e37d8f283a313bcf8{\nborder-radius:0px 0px 0px 0px;\npadding:0px 0px 0px 0px;\n}\n<\/style>\n<div  class='flex_column av-9q6fk-e05edacb0b43850e37d8f283a313bcf8 av_one_fourth  avia-builder-el-4  el_after_av_one_full  el_before_av_one_half  first flex_column_div av-zero-column-padding  column-top-margin'     ><\/div>\n\n<style type=\"text\/css\" data-created_by=\"avia_inline_auto\" id=\"style-css-av-9q6fk-c1beb5b07834fcee78f4102e0f75e2ec\">\n.flex_column.av-9q6fk-c1beb5b07834fcee78f4102e0f75e2ec{\nborder-radius:0px 0px 0px 0px;\npadding:0px 0px 0px 0px;\n}\n<\/style>\n<div  class='flex_column av-9q6fk-c1beb5b07834fcee78f4102e0f75e2ec av_one_half  avia-builder-el-5  el_after_av_one_fourth  el_before_av_one_fourth  flex_column_div av-zero-column-padding  column-top-margin'     ><p>\n<style type=\"text\/css\" data-created_by=\"avia_inline_auto\" id=\"style-css-av-av_heading-4f65c0f60b5f0b6974a1917508c1e4a1\">\n#top .av-special-heading.av-av_heading-4f65c0f60b5f0b6974a1917508c1e4a1{\npadding-bottom:10px;\ncolor:#515151;\n}\nbody .av-special-heading.av-av_heading-4f65c0f60b5f0b6974a1917508c1e4a1 .av-special-heading-tag .heading-char{\nfont-size:25px;\n}\n.av-special-heading.av-av_heading-4f65c0f60b5f0b6974a1917508c1e4a1 .special-heading-inner-border{\nborder-color:#515151;\n}\n.av-special-heading.av-av_heading-4f65c0f60b5f0b6974a1917508c1e4a1 .av-subheading{\nfont-size:15px;\n}\n<\/style>\n<div  class='av-special-heading av-av_heading-4f65c0f60b5f0b6974a1917508c1e4a1 av-special-heading-h2 custom-color-heading blockquote modern-quote modern-centered  avia-builder-el-6  el_before_av_buttonrow  avia-builder-el-first '><h2 class='av-special-heading-tag '  itemprop=\"headline\"  >Contin\u00faa con tu donaci\u00f3n<\/h2><div class=\"special-heading-border\"><div class=\"special-heading-inner-border\"><\/div><\/div><\/div><br \/>\n<div  class='avia-buttonrow-wrap av-k9wwj9pa-6804c7f7373ca6ad2cfd84e09c916a86 avia-buttonrow-center  avia-builder-el-7  el_after_av_heading  el_before_av_codeblock '>\n\n<style type=\"text\/css\" data-created_by=\"avia_inline_auto\" id=\"style-css-av-av_buttonrow_item-ff04f1409ccb5431b9341ab33d9d75e3\">\n#top #wrap_all .avia-button.av-av_buttonrow_item-ff04f1409ccb5431b9341ab33d9d75e3{\nmargin-bottom:5px;\nmargin-right:3px;\nmargin-left:3px;\n}\n<\/style>\n<a href='https:\/\/hiddendeserts.com\/es\/donate\/'  class='avia-button av-av_buttonrow_item-ff04f1409ccb5431b9341ab33d9d75e3 avia-icon_select-no avia-size-small avia-color-theme-color'   aria-label=\"INDIVIDUAL\"><span class='avia_iconbox_title' >INDIVIDUAL<\/span><\/a>\n\n<style type=\"text\/css\" data-created_by=\"avia_inline_auto\" id=\"style-css-av-av_buttonrow_item-958f50e90b323e8f661ff4cb83150b7a\">\n#top #wrap_all .avia-button.av-av_buttonrow_item-958f50e90b323e8f661ff4cb83150b7a{\nmargin-bottom:5px;\nmargin-right:3px;\nmargin-left:3px;\n}\n<\/style>\n<a href='https:\/\/hiddendeserts.com\/es\/donar-empresa\/'  class='avia-button av-av_buttonrow_item-958f50e90b323e8f661ff4cb83150b7a avia-icon_select-yes-left-icon avia-size-small avia-color-theme-color'   aria-label=\"EMPRESA\"><span class='avia_button_icon avia_button_icon_left avia-iconfont avia-font-entypo-fontello' data-av_icon='' data-av_iconfont='entypo-fontello' ><\/span><span class='avia_iconbox_title' >EMPRESA<\/span><\/a>\n<\/div><br \/>\n<\/p><\/div>\n<style type=\"text\/css\" data-created_by=\"avia_inline_auto\" id=\"style-css-av-9q6fk-c1beb5b07834fcee78f4102e0f75e2ec\">\n.flex_column.av-9q6fk-c1beb5b07834fcee78f4102e0f75e2ec{\nborder-radius:0px 0px 0px 0px;\npadding:0px 0px 0px 0px;\n}\n<\/style>\n<div  class='flex_column av-9q6fk-c1beb5b07834fcee78f4102e0f75e2ec av_one_fourth  avia-builder-el-9  el_after_av_one_half  avia-builder-el-last  flex_column_div av-zero-column-padding  column-top-margin'     ><\/div><\/p>\n","protected":false},"excerpt":{"rendered":"","protected":false},"author":2,"featured_media":0,"parent":0,"menu_order":0,"comment_status":"closed","ping_status":"closed","template":"","meta":{"footnotes":""},"class_list":["post-1486","page","type-page","status-publish","hentry"],"yoast_head":"<!-- This site is optimized with the Yoast SEO plugin v27.4 - https:\/\/yoast.com\/product\/yoast-seo-wordpress\/ -->\n<title>Donar - Hidden Deserts<\/title>\n<meta name=\"robots\" content=\"index, follow, max-snippet:-1, max-image-preview:large, max-video-preview:-1\" \/>\n<link rel=\"canonical\" href=\"https:\/\/hiddendeserts.com\/es\/donate\/\" \/>\n<meta property=\"og:locale\" content=\"es_ES\" \/>\n<meta property=\"og:type\" content=\"article\" \/>\n<meta property=\"og:title\" content=\"Donar - Hidden Deserts\" \/>\n<meta property=\"og:url\" content=\"https:\/\/hiddendeserts.com\/es\/donate\/\" \/>\n<meta property=\"og:site_name\" content=\"Hidden Deserts\" \/>\n<meta property=\"article:modified_time\" content=\"2021-06-04T10:34:07+00:00\" \/>\n<meta name=\"twitter:card\" content=\"summary_large_image\" \/>\n<meta name=\"twitter:label1\" content=\"Tiempo de lectura\" \/>\n\t<meta name=\"twitter:data1\" content=\"5 minutos\" \/>\n<script type=\"application\/ld+json\" class=\"yoast-schema-graph\">{\"@context\":\"https:\\\/\\\/schema.org\",\"@graph\":[{\"@type\":\"WebPage\",\"@id\":\"https:\\\/\\\/hiddendeserts.com\\\/es\\\/donate\\\/\",\"url\":\"https:\\\/\\\/hiddendeserts.com\\\/es\\\/donate\\\/\",\"name\":\"Donar - Hidden Deserts\",\"isPartOf\":{\"@id\":\"https:\\\/\\\/hiddendeserts.com\\\/es\\\/#website\"},\"datePublished\":\"2020-05-01T10:35:47+00:00\",\"dateModified\":\"2021-06-04T10:34:07+00:00\",\"breadcrumb\":{\"@id\":\"https:\\\/\\\/hiddendeserts.com\\\/es\\\/donate\\\/#breadcrumb\"},\"inLanguage\":\"es\",\"potentialAction\":[{\"@type\":\"ReadAction\",\"target\":[\"https:\\\/\\\/hiddendeserts.com\\\/es\\\/donate\\\/\"]}]},{\"@type\":\"BreadcrumbList\",\"@id\":\"https:\\\/\\\/hiddendeserts.com\\\/es\\\/donate\\\/#breadcrumb\",\"itemListElement\":[{\"@type\":\"ListItem\",\"position\":1,\"name\":\"Home\",\"item\":\"https:\\\/\\\/hiddendeserts.com\\\/es\\\/\"},{\"@type\":\"ListItem\",\"position\":2,\"name\":\"Donar\"}]},{\"@type\":\"WebSite\",\"@id\":\"https:\\\/\\\/hiddendeserts.com\\\/es\\\/#website\",\"url\":\"https:\\\/\\\/hiddendeserts.com\\\/es\\\/\",\"name\":\"Hidden Deserts\",\"description\":\"Just another WordPress site\",\"potentialAction\":[{\"@type\":\"SearchAction\",\"target\":{\"@type\":\"EntryPoint\",\"urlTemplate\":\"https:\\\/\\\/hiddendeserts.com\\\/es\\\/?s={search_term_string}\"},\"query-input\":{\"@type\":\"PropertyValueSpecification\",\"valueRequired\":true,\"valueName\":\"search_term_string\"}}],\"inLanguage\":\"es\"}]}<\/script>\n<!-- \/ Yoast SEO plugin. -->","yoast_head_json":{"title":"Donar - Hidden Deserts","robots":{"index":"index","follow":"follow","max-snippet":"max-snippet:-1","max-image-preview":"max-image-preview:large","max-video-preview":"max-video-preview:-1"},"canonical":"https:\/\/hiddendeserts.com\/es\/donate\/","og_locale":"es_ES","og_type":"article","og_title":"Donar - Hidden Deserts","og_url":"https:\/\/hiddendeserts.com\/es\/donate\/","og_site_name":"Hidden Deserts","article_modified_time":"2021-06-04T10:34:07+00:00","twitter_card":"summary_large_image","twitter_misc":{"Tiempo de lectura":"5 minutos"},"schema":{"@context":"https:\/\/schema.org","@graph":[{"@type":"WebPage","@id":"https:\/\/hiddendeserts.com\/es\/donate\/","url":"https:\/\/hiddendeserts.com\/es\/donate\/","name":"Donar - Hidden Deserts","isPartOf":{"@id":"https:\/\/hiddendeserts.com\/es\/#website"},"datePublished":"2020-05-01T10:35:47+00:00","dateModified":"2021-06-04T10:34:07+00:00","breadcrumb":{"@id":"https:\/\/hiddendeserts.com\/es\/donate\/#breadcrumb"},"inLanguage":"es","potentialAction":[{"@type":"ReadAction","target":["https:\/\/hiddendeserts.com\/es\/donate\/"]}]},{"@type":"BreadcrumbList","@id":"https:\/\/hiddendeserts.com\/es\/donate\/#breadcrumb","itemListElement":[{"@type":"ListItem","position":1,"name":"Home","item":"https:\/\/hiddendeserts.com\/es\/"},{"@type":"ListItem","position":2,"name":"Donar"}]},{"@type":"WebSite","@id":"https:\/\/hiddendeserts.com\/es\/#website","url":"https:\/\/hiddendeserts.com\/es\/","name":"Hidden Deserts","description":"Just another WordPress site","potentialAction":[{"@type":"SearchAction","target":{"@type":"EntryPoint","urlTemplate":"https:\/\/hiddendeserts.com\/es\/?s={search_term_string}"},"query-input":{"@type":"PropertyValueSpecification","valueRequired":true,"valueName":"search_term_string"}}],"inLanguage":"es"}]}},"_links":{"self":[{"href":"https:\/\/hiddendeserts.com\/es\/wp-json\/wp\/v2\/pages\/1486","targetHints":{"allow":["GET"]}}],"collection":[{"href":"https:\/\/hiddendeserts.com\/es\/wp-json\/wp\/v2\/pages"}],"about":[{"href":"https:\/\/hiddendeserts.com\/es\/wp-json\/wp\/v2\/types\/page"}],"author":[{"embeddable":true,"href":"https:\/\/hiddendeserts.com\/es\/wp-json\/wp\/v2\/users\/2"}],"replies":[{"embeddable":true,"href":"https:\/\/hiddendeserts.com\/es\/wp-json\/wp\/v2\/comments?post=1486"}],"version-history":[{"count":0,"href":"https:\/\/hiddendeserts.com\/es\/wp-json\/wp\/v2\/pages\/1486\/revisions"}],"wp:attachment":[{"href":"https:\/\/hiddendeserts.com\/es\/wp-json\/wp\/v2\/media?parent=1486"}],"curies":[{"name":"wp","href":"https:\/\/api.w.org\/{rel}","templated":true}]}}